{"id":265,"date":"2017-12-05T14:11:44","date_gmt":"2017-12-05T13:11:44","guid":{"rendered":"https:\/\/michaelreljic.com\/inicio"},"modified":"2018-03-08T11:48:02","modified_gmt":"2018-03-08T10:48:02","slug":"inicio","status":"publish","type":"page","link":"https:\/\/michaelreljic.com\/de","title":{"rendered":"Home"},"content":{"rendered":"<p>[et_pb_section bb_built=&#8220;1&#8243; fullwidth=&#8220;on&#8220; specialty=&#8220;off&#8220;][et_pb_fullwidth_header _builder_version=&#8220;3.0.92&#8243; title=&#8220;Caterings &amp; Events&#8220; subhead=&#8220;Die Beste Qualit\u00e4t f\u00fcr Ihre Veranstaltung, Feier, Business-Party &#8230;&#8220; logo_image_url=&#8220;https:\/\/michaelreljic.com\/wp-content\/uploads\/2017\/12\/Michael-Reljic-logo.png&#8220; text_orientation=&#8220;left&#8220; header_fullscreen=&#8220;on&#8220; header_scroll_down=&#8220;on&#8220; scroll_down_icon=&#8220;%%1%%&#8220; image_orientation=&#8220;center&#8220; background_overlay_color=&#8220;rgba(204,151,0,0.5)&#8220; background_layout=&#8220;light&#8220; content_orientation=&#8220;center&#8220; custom_button_one=&#8220;on&#8220; button_one_icon_placement=&#8220;right&#8220; custom_button_two=&#8220;on&#8220; button_two_icon_placement=&#8220;right&#8220; background_image=&#8220;https:\/\/michaelreljic.com\/wp-content\/uploads\/2017\/12\/Michael-Reljic-cocina-sana-e1512485235600.jpg&#8220; title_font=&#8220;|||on|||||&#8220; content_font_size=&#8220;18px&#8220; subhead_font_size=&#8220;20px&#8220; scroll_down_icon_color=&#8220;#1c1c1b&#8220; button_one_text=&#8220;Erfahren Sie mehr \u00fcber Michael Reljic&#8220; button_two_text=&#8220;Sehen Sie, welche Dienstleistungen wir anbieten&#8220; button_one_url=&#8220;#michael-reljic&#8220; button_two_url=&#8220;#dienstleistungen&#8220; button_two_text_color=&#8220;#1c1c1b&#8220; button_two_border_width=&#8220;0&#8243; button_two_use_icon=&#8220;off&#8220; button_one_text_color=&#8220;#1c1c1b&#8220; button_one_use_icon=&#8220;off&#8220; button_two_border_radius_hover=&#8220;0&#8243; button_two_border_radius=&#8220;0&#8243; button_one_border_width=&#8220;0&#8243; button_one_border_radius=&#8220;0&#8243; box_shadow_style_button_two=&#8220;preset7&#8243; box_shadow_color_button_two=&#8220;#000000&#8243; box_shadow_horizontal_button_two=&#8220;0px&#8220; box_shadow_vertical_button_two=&#8220;1px&#8220; box_shadow_style_button_one=&#8220;preset7&#8243; box_shadow_horizontal_button_one=&#8220;0px&#8220; box_shadow_vertical_button_one=&#8220;1px&#8220; box_shadow_color_button_one=&#8220;#000000&#8243; button_two_text_size=&#8220;15px&#8220; button_one_text_size=&#8220;15px&#8220; content_font_size_phone=&#8220;15px&#8220; content_font_size_last_edited=&#8220;on|phone&#8220;]<\/p>\n<p>Unser Ziel ist es, einen umfassenden logistischen Service mit Verantwortung, Engagement und Exzellenz f\u00fcr Ihren Event zu bieten.<\/p>\n<p>Wir wissen, dass jeder Event einzigartig ist, deshalb bieten wir ma\u00dfgeschneiderte, auf Ihre W\u00fcnsche abgestimmte Veranstaltungen an, welche sich an die entsprechende Umgebungen und unterschiedlichen G\u00e4stezahlen anpassen, sei es ein Gesch\u00e4ftstreffen oder eine gro\u00dfe Produkteinf\u00fchrung.<\/p>\n<p>[\/et_pb_fullwidth_header][\/et_pb_section][et_pb_section bb_built=&#8220;1&#8243; fullwidth=&#8220;off&#8220; specialty=&#8220;off&#8220; _builder_version=&#8220;3.0.90&#8243; custom_padding=&#8220;0px||0px|&#8220; background_color=&#8220;#ecf2f0&#8243; module_id=&#8220;michael-reljic&#8220;][et_pb_row _builder_version=&#8220;3.0.90&#8243; make_fullwidth=&#8220;on&#8220; use_custom_gutter=&#8220;on&#8220; gutter_width=&#8220;1&#8243; make_equal=&#8220;on&#8220; custom_padding=&#8220;0px|||&#8220; padding_top_2=&#8220;40px&#8220; padding_right_2=&#8220;10%&#8220; padding_bottom_2=&#8220;40px&#8220; padding_left_2=&#8220;10%&#8220; module_class=&#8220;align-center&#8220;][et_pb_column type=&#8220;1_2&#8243;][et_pb_image _builder_version=&#8220;3.0.90&#8243; src=&#8220;https:\/\/michaelreljic.com\/wp-content\/uploads\/2017\/12\/Michael-Reljic-presentacion.jpg&#8220; show_in_lightbox=&#8220;off&#8220; url_new_window=&#8220;off&#8220; use_overlay=&#8220;off&#8220; align=&#8220;left&#8220; always_center_on_mobile=&#8220;on&#8220; force_fullwidth=&#8220;on&#8220; show_bottom_space=&#8220;off&#8220; module_class=&#8220;chef-gradient&#8220; \/][\/et_pb_column][et_pb_column type=&#8220;1_2&#8243;][et_pb_text _builder_version=&#8220;3.0.92&#8243; background_layout=&#8220;light&#8220;]<\/p>\n<h2>Vertrauen Sie die Organisation Ihres Events einem echten Profi an<\/h2>\n<p>K\u00fcchenchef Michael Reljic hat in den Besten K\u00fcchen der Welt gearbeitet und bietet Ihnen eine fein selektierte, elegante K\u00fcche, die auf Ihre Erwartungen und Bed\u00fcrfnisse zugeschnitten ist.<\/p>\n<p>Er verf\u00fcgt \u00fcber umfangreiche internationale Erfahrung und bereichert und erweitert seine Vision der Kochkunst, wo er sich auf mediterrane, asiatische, gesunde-\u00f6kologische, sowie Autorenk\u00fcche spezialisiert hat.<\/p>\n<p>Unsere Mission ist es, ein unvergessliches Erlebnis mit unserer kreativen K\u00fcche und einem exzellenten pers\u00f6nlichen Service zu teilen, der Ihre Erwartungen \u00fcbertrifft und an den Sie sich immer gerne erinnern\u2026<\/p>\n<p>Deshalb legen wir immer Wert auf QUALIT\u00c4T, KREATIVIT\u00c4T, LEIDENSCHAFT UND BEGEISTERUNG sowie UNTERSCHEIDUNG UND EHRLICHKEIT.<\/p>\n<p>[\/et_pb_text][\/et_pb_column][\/et_pb_row][\/et_pb_section][et_pb_section bb_built=&#8220;1&#8243; fullwidth=&#8220;off&#8220; specialty=&#8220;off&#8220; _builder_version=&#8220;3.0.92&#8243; module_id=&#8220;dienstleistungen&#8220;][et_pb_row][et_pb_column type=&#8220;4_4&#8243;][et_pb_text admin_label=&#8220;Nos encargamos&#8220; _builder_version=&#8220;3.0.90&#8243; background_layout=&#8220;light&#8220; header_text_align=&#8220;left&#8220; header_2_text_color=&#8220;#cc9700&#8243;]<\/p>\n<h2 style=\"text-align: center;\">Wir k\u00fcmmern uns von Anfang bis Ende um Ihre Veranstaltung<\/h2>\n<p style=\"text-align: center;\">Sie werden einen kompletten und hochwertigen Catering-Service mit  Diskretion und Vertraulichkeit erhalten.<\/p>\n<p style=\"text-align: center;\">Unser Catering f\u00fcr Firmen und Privatpersonen beinhaltet:<\/p>\n<p>[\/et_pb_text][\/et_pb_column][\/et_pb_row][et_pb_row _builder_version=&#8220;3.0.90&#8243; use_custom_gutter=&#8220;on&#8220; gutter_width=&#8220;2&#8243; make_fullwidth=&#8220;on&#8220; module_class_1=&#8220;borders&#8220; module_class_2=&#8220;borders&#8220; make_equal=&#8220;on&#8220; custom_margin_last_edited=&#8220;off|desktop&#8220; custom_padding_tablet=&#8220;||0px|&#8220; custom_padding_last_edited=&#8220;on|phone&#8220;][et_pb_column type=&#8220;1_2&#8243;][et_pb_cta admin_label=&#8220;Privater Koch&#8220; _builder_version=&#8220;3.0.90&#8243; title=&#8220;Privater Koch&#8220; url_new_window=&#8220;off&#8220; use_background_color=&#8220;on&#8220; background_layout=&#8220;light&#8220; custom_button=&#8220;off&#8220; button_icon_placement=&#8220;right&#8220; background_color=&#8220;#ffffff&#8220; border_radii=&#8220;on|1px|1px|1px|1px&#8220;]<\/p>\n<p>Ein professioneller Koch steht Ihnen zur Verf\u00fcgung, wo immer Sie ihn brauchen, ein <strong>private CHEF<\/strong> in Ihrem Haus, Chalet, auf Ihrer Yacht, Weinkeller&#8230;..Selbstverst\u00e4ndlich bieten<br \/>\nwir Ihnen auch unseren World Wide <strong>TRAVEL CHEF-Service<\/strong> an.<br \/>\nVon 6 bis 20 Personen.<\/p>\n<p>[\/et_pb_cta][\/et_pb_column][et_pb_column type=&#8220;1_2&#8243;][et_pb_cta admin_label=&#8220;Kunden spezifisches Catering&#8220; _builder_version=&#8220;3.0.90&#8243; title=&#8220;Kunden spezifisches Catering&#8220; url_new_window=&#8220;off&#8220; use_background_color=&#8220;on&#8220; background_layout=&#8220;light&#8220; custom_button=&#8220;off&#8220; button_icon_placement=&#8220;right&#8220; background_color=&#8220;#ffffff&#8220;]<\/p>\n<p>Ein professionelles Team bewegt sich mit einem kompletten Service an jeden beliebige<br \/>\ngew\u00fcnschten Ort.<br \/>\nVon 6 bin 150 Personen.<\/p>\n<p>[\/et_pb_cta][\/et_pb_column][\/et_pb_row][et_pb_row _builder_version=&#8220;3.0.90&#8243; use_custom_gutter=&#8220;on&#8220; gutter_width=&#8220;2&#8243; make_fullwidth=&#8220;on&#8220; module_class_1=&#8220;borders&#8220; module_class_2=&#8220;borders&#8220; custom_padding=&#8220;0px||0px|&#8220; make_equal=&#8220;on&#8220;][et_pb_column type=&#8220;1_2&#8243;][et_pb_cta admin_label=&#8220;Alle Arten von Veranstaltungen&#8220; _builder_version=&#8220;3.0.90&#8243; title=&#8220;Alle Arten von Veranstaltungen&#8220; url_new_window=&#8220;off&#8220; use_background_color=&#8220;on&#8220; background_layout=&#8220;light&#8220; custom_button=&#8220;off&#8220; button_icon_placement=&#8220;right&#8220; background_color=&#8220;#ffffff&#8220;]<\/p>\n<p>\u00dcberlassen Sie uns die Ausf\u00fchrung und Organisation des Caterings Ihrer Veranstaltung. Dank unserer gro\u00dfen Vielseitigkeit passen wir uns jeglicher Situation an, um Ihren Event zu einem Erfolg zu machen, ob <strong>Hochzeiten, Kongresse, Sport oder politische Veranstaltungen, Jubil\u00e4en&#8230;<\/strong><\/p>\n<p>[\/et_pb_cta][\/et_pb_column][et_pb_column type=&#8220;1_2&#8243;][et_pb_cta admin_label=&#8220;Thematische K\u00fcche&#8220; _builder_version=&#8220;3.0.90&#8243; title=&#8220;Thematische K\u00fcche&#8220; url_new_window=&#8220;off&#8220; use_background_color=&#8220;on&#8220; background_layout=&#8220;light&#8220; custom_button=&#8220;off&#8220; button_icon_placement=&#8220;right&#8220; background_color=&#8220;#ffffff&#8220;]<\/p>\n<p>Unsere Weltoffenheit erlaubt es uns, Ihnen vielseitige Optionen anbieten zu k\u00f6nnen, zu welchen die <strong>K\u00fcchen des Mittelmeeres, des Orients, die japanisch, thail\u00e4ndisch, Balinesisch, middle east<\/strong>, sowie auch auf was wir sehr viel Wert legen, eine  ausgewogene  gesunde <strong>K\u00fcche wie die Makrobiotik, vegane, vegetarisch und die moderne Raw Cuisine geh\u00f6ren<\/strong>.<\/p>\n<p>[\/et_pb_cta][\/et_pb_column][\/et_pb_row][\/et_pb_section][et_pb_section bb_built=&#8220;1&#8243; fullwidth=&#8220;off&#8220; specialty=&#8220;off&#8220; _builder_version=&#8220;3.0.90&#8243; custom_padding=&#8220;||0px|&#8220;][et_pb_row _builder_version=&#8220;3.0.90&#8243; make_fullwidth=&#8220;on&#8220; use_custom_gutter=&#8220;on&#8220; gutter_width=&#8220;1&#8243; custom_padding=&#8220;||0px|&#8220;][et_pb_column type=&#8220;4_4&#8243;][et_pb_gallery _builder_version=&#8220;3.0.90&#8243; show_title_and_caption=&#8220;off&#8220; show_pagination=&#8220;off&#8220; fullwidth=&#8220;off&#8220; orientation=&#8220;landscape&#8220; zoom_icon_color=&#8220;#cc9700&#8243; hover_overlay_color=&#8220;rgba(255,255,255,0.9)&#8220; background_layout=&#8220;light&#8220; pagination_font_size_tablet=&#8220;51&#8243; pagination_line_height_tablet=&#8220;2&#8243; gallery_ids=&#8220;86,85,87&#8243; posts_number=&#8220;3&#8243; module_class=&#8220;gallery-three&#8220; \/][\/et_pb_column][\/et_pb_row][\/et_pb_section]<\/p>\n","protected":false},"excerpt":{"rendered":"<p>Unser Ziel ist es, einen umfassenden logistischen Service mit Verantwortung, Engagement und Exzellenz f\u00fcr Ihren Event zu bieten. Wir wissen, dass jeder Event einzigartig ist, deshalb bieten wir ma\u00dfgeschneiderte, auf Ihre W\u00fcnsche abgestimmte Veranstaltungen an, welche sich an die entsprechende Umgebungen und unterschiedlichen G\u00e4stezahlen anpassen, sei es ein Gesch\u00e4ftstreffen oder eine gro\u00dfe Produkteinf\u00fchrung. Vertrauen Sie [&hellip;]<\/p>\n","protected":false},"author":1,"featured_media":0,"parent":0,"menu_order":0,"comment_status":"closed","ping_status":"closed","template":"","meta":{"_et_pb_use_builder":"on","_et_pb_old_content":"","_et_gb_content_width":"","footnotes":""},"class_list":["post-265","page","type-page","status-publish","hentry"],"_links":{"self":[{"href":"https:\/\/michaelreljic.com\/de\/wp-json\/wp\/v2\/pages\/265","targetHints":{"allow":["GET"]}}],"collection":[{"href":"https:\/\/michaelreljic.com\/de\/wp-json\/wp\/v2\/pages"}],"about":[{"href":"https:\/\/michaelreljic.com\/de\/wp-json\/wp\/v2\/types\/page"}],"author":[{"embeddable":true,"href":"https:\/\/michaelreljic.com\/de\/wp-json\/wp\/v2\/users\/1"}],"replies":[{"embeddable":true,"href":"https:\/\/michaelreljic.com\/de\/wp-json\/wp\/v2\/comments?post=265"}],"version-history":[{"count":22,"href":"https:\/\/michaelreljic.com\/de\/wp-json\/wp\/v2\/pages\/265\/revisions"}],"predecessor-version":[{"id":302,"href":"https:\/\/michaelreljic.com\/de\/wp-json\/wp\/v2\/pages\/265\/revisions\/302"}],"wp:attachment":[{"href":"https:\/\/michaelreljic.com\/de\/wp-json\/wp\/v2\/media?parent=265"}],"curies":[{"name":"wp","href":"https:\/\/api.w.org\/{rel}","templated":true}]}}