{"id":325,"date":"2017-12-11T13:28:58","date_gmt":"2017-12-11T12:28:58","guid":{"rendered":"https:\/\/michaelreljic.com\/texto-legal"},"modified":"2018-03-08T12:58:09","modified_gmt":"2018-03-08T11:58:09","slug":"gesetzlicher-text","status":"publish","type":"page","link":"https:\/\/michaelreljic.com\/de\/gesetzlicher-text","title":{"rendered":"Gesetzlicher Text"},"content":{"rendered":"<h2>COOKIE POLICY<\/h2>\n<p>Dieses Portal verwendet wie die meisten Internetportale Cookies, um die Benutzererfahrung zu verbessern. Nachfolgend finden Sie Informationen dar\u00fcber, was &#8222;Cookies&#8220; sind, welche Art von Cookies diese Website verwendet, wie Sie Cookies in Ihrem Browser deaktivieren k\u00f6nnen und wie Sie die Installation von Cookies von Drittanbietern gezielt deaktivieren k\u00f6nnen. Wenn Sie die gew\u00fcnschten Informationen nicht finden k\u00f6nnen, gehen Sie bitte zu <a href=\"mailto:info@michaelreljic.com\"> info@michaelreljic.com <\/a><\/p>\n<h3>Was sind Cookies?<\/h3>\n<p>Cookies sind kleine Dateien, die von einigen Plattformen, z. B. Webseiten, auf Ihrem Computer, Smartphone, Tablet oder verbundenen Fernseher installiert werden k\u00f6nnen. Seine Funktionen k\u00f6nnen sehr unterschiedlich sein: speichern Sie Ihre Browsereinstellungen, sammeln Sie statistische Informationen, lassen Sie bestimmte technische Funktionen zu und so weiter. Manchmal werden Cookies verwendet, um grundlegende Informationen \u00fcber die Surfgewohnheiten des Benutzers oder seines Teams zu speichern, je nach Fall, in der Lage zu sein, sie zu erkennen.<\/p>\n<h3>Warum sind sie wichtig?<\/h3>\n<p>Cookies sind aus mehreren Gr\u00fcnden n\u00fctzlich. Aus technischer Sicht erm\u00f6glichen sie es Webseiten, agiler und an ihre Pr\u00e4ferenzen angepasst zu arbeiten, wie zum Beispiel die Speicherung ihrer Sprache oder die W\u00e4hrung ihres Landes. Dar\u00fcber hinaus helfen Sie den Verantwortlichen f\u00fcr Websites, die angebotenen Dienste zu verbessern, dank der statistischen Informationen, die sie durch sie sammeln. Schlie\u00dflich dienen sie dazu, die Werbung, die wir Ihnen zeigen, effizienter zu machen, dank der wir Ihnen Dienstleistungen kostenlos anbieten k\u00f6nnen.<\/p>\n<h3> Wie verwenden wir Cookies?<\/h3>\n<p>Das Navigieren durch dieses Portal bedeutet, dass die folgenden Arten von Cookies installiert werden k\u00f6nnen:<\/p>\n<ul>\n\u00a0<\/p>\n<li><strong>Cookies Performance-Verbesserung: <\/strong> Diese Art von Cookies beh\u00e4lt Ihre Pr\u00e4ferenzen f\u00fcr bestimmte Werkzeuge oder Dienstleistungen m\u00fcssen sie nicht zur\u00fcckgesetzt, sobald Sie unsere Website besuchen, und in einigen F\u00e4llen kann zur Verf\u00fcgung gestellt werden Dritte. Einige Beispiele sind: Lautst\u00e4rke von audiovisuellen Playern, Voreinstellungen f\u00fcr die Artikelsortierung oder kompatible Videowiedergabegeschwindigkeiten. Im Falle des elektronischen Gesch\u00e4ftsverkehrs erlauben sie Ihnen, Informationen \u00fcber Ihren Einkaufskorb zu behalten. <\/li>\n<p>\u00a0<\/p>\n<li><strong>Cookies statistische Analyse: <\/strong> sie sind diejenigen, die, auch von uns behandelt oder durch Dritte, die Zahl der Besucher zu quantifizieren und statistisch die von den Benutzern unserer Dienstleistungen Gebrauch gemacht analysieren. Dank dessen k\u00f6nnen wir die Navigation durch unsere Website studieren und somit das Angebot von Produkten oder Dienstleistungen verbessern, die wir anbieten. <\/li>\n<p>\u00a0<\/p>\n<li><strong>Cookies Geolocation: <\/strong> Diese Cookies von Programmen verwendet, die geografisch versuchen, die Situation Ihres Computer, Smartphone, Tablet oder Fernseher auf einen v\u00f6llig anonyme Art und Weise m\u00f6glich, Inhalte und am besten geeignete Dienste  verbunden zu finden. <\/li>\n<p>\u00a0<\/p>\n<li><strong>Registrierungs-Cookies: <\/strong> Wenn Sie sich auf unserer Website registrieren, werden Cookies generiert, die Sie als registrierten Benutzer identifizieren und angeben, wann Sie sich auf dem Portal identifiziert haben.<br \/>\nDiese Cookies werden verwendet, um Ihr Benutzerkonto und die zugeh\u00f6rigen Dienste zu identifizieren. Diese Cookies bleiben erhalten, solange Sie das Konto nicht verlassen, den Browser schlie\u00dfen oder das Ger\u00e4t ausschalten.<br \/>\nDiese Cookies k\u00f6nnen in Kombination mit analytischen Daten verwendet werden, um Ihre Pr\u00e4ferenzen auf unserem Portal individuell zu identifizieren. <\/ Li><br \/>\n\u00a0<\/p>\n<li><strong>Werbung Cookies: <\/strong> sind diejenigen, die, auch von uns behandelt oder durch Dritte erm\u00f6glichen effektive Werbefl\u00e4che auf unserer Website verwalten, Schneiderei Anzeigencontent zum Inhalt des angeforderten Dienst oder die Nutzung Machen Sie von unserer Website. Dank dessen k\u00f6nnen wir Ihre Surfgewohnheiten im Internet kennen und Ihnen Werbung zeigen, die mit Ihrem Browserprofil in Verbindung steht.<\/li>\n<p>\u00a0<\/p>\n<li><strong>Weitere Cookies von Drittanbietern: <\/strong> Auf einigen unserer Seiten k\u00f6nnen Cookies von Drittanbietern installiert werden, um die von ihnen angebotenen Dienste zu verwalten und zu verbessern. Ein Beispiel f\u00fcr diese Nutzung sind Links zu sozialen Netzwerken, die es uns erm\u00f6glichen, Inhalte zu teilen. <\/li>\n<\/ul>\n<h3> Wie kann ich meine Einstellungen festlegen und meine Zustimmung zur Annahme von Cookies widerrufen?<\/h3>\n<p>Sie k\u00f6nnen die auf Ihrem Computer installierten Cookies zulassen, blockieren oder entfernen sowie die zuvor gegebene Zustimmung widerrufen, indem Sie die Optionen Ihres Internetbrowsers konfigurieren. F\u00fcr den Fall, dass Sie sie blockieren, ist es m\u00f6glich, dass bestimmte Dienste, die sie ben\u00f6tigen, nicht verf\u00fcgbar sind.<br \/>\nIm Folgenden finden Sie Links, auf denen Sie Informationen finden, wie Sie Ihre Einstellungen in den wichtigsten Browsern aktivieren k\u00f6nnen:<\/p>\n<p><a href=\"https:\/\/support.google.com\/chrome\/answer\/95647?hl=es\" target=\"_blank\" rel=\"noopener\">Google Chrome<\/a><\/p>\n<p><a href=\"https:\/\/support.mozilla.org\/es\/kb\/cookies-informacion-que-los-sitios-web-guardan-en-?redirectlocale=en-US&amp;redirectslug=Cookies\" target=\"_blank\" rel=\"noopener\">Mozilla Firefox<\/a><\/p>\n<p><a href=\"https:\/\/support.microsoft.com\/es-es\/kb\/196955\/es-es\" target=\"_blank\" rel=\"noopener\">Internet Explorer<\/a><\/p>\n<p><a href=\"https:\/\/support.apple.com\/es-es\/HT201265\" target=\"_blank\" rel=\"noopener\">Safari para IOS (iPhone, iPad)<\/a><\/p>\n<p><a href=\"http:\/\/www.macromedia.com\/support\/documentation\/es\/flashplayer\/help\/settings_manager07.html\" target=\"_blank\" rel=\"noopener\">Cookies Flash<\/a><\/p>\n<p>&nbsp;<\/p>\n<p>&nbsp;<\/p>\n","protected":false},"excerpt":{"rendered":"<p>COOKIE POLICY Dieses Portal verwendet wie die meisten Internetportale Cookies, um die Benutzererfahrung zu verbessern. Nachfolgend finden Sie Informationen dar\u00fcber, was &#8222;Cookies&#8220; sind, welche Art von Cookies diese Website verwendet, wie Sie Cookies in Ihrem Browser deaktivieren k\u00f6nnen und wie Sie die Installation von Cookies von Drittanbietern gezielt deaktivieren k\u00f6nnen. Wenn Sie die gew\u00fcnschten Informationen [&hellip;]<\/p>\n","protected":false},"author":1,"featured_media":0,"parent":0,"menu_order":0,"comment_status":"closed","ping_status":"closed","template":"","meta":{"_et_pb_use_builder":"","_et_pb_old_content":"","_et_gb_content_width":"","footnotes":""},"class_list":["post-325","page","type-page","status-publish","hentry"],"_links":{"self":[{"href":"https:\/\/michaelreljic.com\/de\/wp-json\/wp\/v2\/pages\/325","targetHints":{"allow":["GET"]}}],"collection":[{"href":"https:\/\/michaelreljic.com\/de\/wp-json\/wp\/v2\/pages"}],"about":[{"href":"https:\/\/michaelreljic.com\/de\/wp-json\/wp\/v2\/types\/page"}],"author":[{"embeddable":true,"href":"https:\/\/michaelreljic.com\/de\/wp-json\/wp\/v2\/users\/1"}],"replies":[{"embeddable":true,"href":"https:\/\/michaelreljic.com\/de\/wp-json\/wp\/v2\/comments?post=325"}],"version-history":[{"count":1,"href":"https:\/\/michaelreljic.com\/de\/wp-json\/wp\/v2\/pages\/325\/revisions"}],"predecessor-version":[{"id":327,"href":"https:\/\/michaelreljic.com\/de\/wp-json\/wp\/v2\/pages\/325\/revisions\/327"}],"wp:attachment":[{"href":"https:\/\/michaelreljic.com\/de\/wp-json\/wp\/v2\/media?parent=325"}],"curies":[{"name":"wp","href":"https:\/\/api.w.org\/{rel}","templated":true}]}}